{"id":1025,"date":"2025-05-05T12:05:39","date_gmt":"2025-05-05T12:05:39","guid":{"rendered":"https:\/\/gieger.eu\/?page_id=1025"},"modified":"2026-04-27T16:34:23","modified_gmt":"2026-04-27T16:34:23","slug":"susisiekite","status":"publish","type":"page","link":"https:\/\/gieger.eu\/ru\/susisiekite\/","title":{"rendered":"\u0421\u0432\u044f\u0437\u0430\u0442\u044c\u0441\u044f \u0441"},"content":{"rendered":"<div data-elementor-type=\"wp-page\" data-elementor-id=\"1025\" class=\"elementor elementor-1025\" data-elementor-post-type=\"page\">\n\t\t\t\t<div class=\"elementor-element elementor-element-f7b2724 e-flex e-con-boxed e-con e-parent\" data-id=\"f7b2724\" data-element_type=\"container\">\n\t\t\t\t\t<div class=\"e-con-inner\">\n\t\t<div class=\"elementor-element elementor-element-df14edc e-con-full e-flex e-con e-child\" data-id=\"df14edc\" data-element_type=\"container\">\n\t\t\t\t<\/div>\n\t\t\t\t<div class=\"elementor-element elementor-element-9f7d050 elementor-widget__width-inherit elementor-widget elementor-widget-text-editor\" data-id=\"9f7d050\" data-element_type=\"widget\" data-widget_type=\"text-editor.default\">\n\t\t\t\t\t\t\t\t\t<p style=\"text-align: center;\">Pali\u016bni\u0161kio g. 13, Panev\u0117\u017eys<br \/>Tel.: +370 663 35 264<br \/>\u042d\u043b\u0435\u043a\u0442\u0440\u043e\u043d\u043d\u0430\u044f \u043f\u043e\u0447\u0442\u0430..: <span style=\"text-decoration: underline;\"><span style=\"color: #ff9900;\"><a style=\"color: #ff9900; text-decoration: underline;\" href=\"mailto:pardavimai@gieger.eu\">pardavimai@gieger.eu<\/a><\/span><\/span><\/p><div style=\"text-align: center;\">\u0427\u0410\u0421\u042b \u0420\u0410\u0411\u041e\u0422\u042b\u00a0<br \/>I-V: 8.00 - 19.00<br \/>VI \u0438 VII: \u0437\u0430\u043a\u0440\u044b\u0442\u043e<\/div>\t\t\t\t\t\t\t\t<\/div>\n\t\t\t\t<div class=\"elementor-element elementor-element-f56f418 elementor-widget__width-initial elementor-widget-mobile__width-initial elementor-widget elementor-widget-wpforms\" data-id=\"f56f418\" data-element_type=\"widget\" data-widget_type=\"wpforms.default\">\n\t\t\t\t<div class=\"elementor-widget-container\">\n\t\t\t\t\t<style id=\"wpforms-css-vars-root\">\n\t\t\t\t:root {\n\t\t\t\t\t--wpforms-field-border-radius: 3px;\n--wpforms-field-background-color: #ffffff;\n--wpforms-field-border-color: rgba( 0, 0, 0, 0.25 );\n--wpforms-field-text-color: rgba( 0, 0, 0, 0.7 );\n--wpforms-label-color: rgba( 0, 0, 0, 0.85 );\n--wpforms-label-sublabel-color: rgba( 0, 0, 0, 0.55 );\n--wpforms-label-error-color: #d63637;\n--wpforms-button-border-radius: 3px;\n--wpforms-button-background-color: #066aab;\n--wpforms-button-text-color: #ffffff;\n--wpforms-field-size-input-height: 43px;\n--wpforms-field-size-input-spacing: 15px;\n--wpforms-field-size-font-size: 16px;\n--wpforms-field-size-line-height: 19px;\n--wpforms-field-size-padding-h: 14px;\n--wpforms-field-size-checkbox-size: 16px;\n--wpforms-field-size-sublabel-spacing: 5px;\n--wpforms-field-size-icon-size: 1;\n--wpforms-label-size-font-size: 16px;\n--wpforms-label-size-line-height: 19px;\n--wpforms-label-size-sublabel-font-size: 14px;\n--wpforms-label-size-sublabel-line-height: 17px;\n--wpforms-button-size-font-size: 17px;\n--wpforms-button-size-height: 41px;\n--wpforms-button-size-padding-h: 15px;\n--wpforms-button-size-margin-top: 10px;\n\n\t\t\t\t}\n\t\t\t<\/style><style id=\"wpforms-css-vars-elementor-widget-f56f418\">\n\t\t\t\t.elementor-widget-wpforms.elementor-element-f56f418 {\n\t\t\t\t\t--wpforms-field-size-input-height: 43px;\n--wpforms-field-size-input-spacing: 15px;\n--wpforms-field-size-font-size: 16px;\n--wpforms-field-size-line-height: 19px;\n--wpforms-field-size-padding-h: 14px;\n--wpforms-field-size-checkbox-size: 16px;\n--wpforms-field-size-sublabel-spacing: 5px;\n--wpforms-field-size-icon-size: 1;\n--wpforms-label-size-font-size: 16px;\n--wpforms-label-size-line-height: 19px;\n--wpforms-label-size-sublabel-font-size: 14px;\n--wpforms-label-size-sublabel-line-height: 17px;\n--wpforms-button-size-font-size: 17px;\n--wpforms-button-size-height: 41px;\n--wpforms-button-size-padding-h: 15px;\n--wpforms-button-size-margin-top: 10px;\n\n\t\t\t\t}\n\t\t\t<\/style>\r\n<style type=\"text\/css\">\r\n\r\n\r\n\r\nbody #wpforms-264 {\r\n\t\tbackground-image:linear-gradient(135deg,rgb(255,255,255) 0%,rgb(225,161,64) 100%) ;border-radius:5px ;-web-border-radius:5px ;-moz-border-radius:5px ;\r\n\t\t\tfont-family:inherit;}\r\n\r\n\t\r\n\r\n\tbody #wpforms-264 .wpforms-head-container {\r\n\t\tborder-width: 0px;}\r\n\r\n\tbody #wpforms-264 .wpforms-head-container .wpforms-title {\r\n\ttext-align:left ;color:#ffffff ;\t}\r\n\r\n\tbody #wpforms-264 .wpforms-head-container .wpforms-description {\r\n\t\ttext-align:left ;color:#000000 ;\t\tdisplay:block;\r\n\t}\r\n\r\n\r\n\tbody #wpforms-264 .wpforms-submit-container .wpforms-submit, body #wpforms-264 .wpforms-field-pagebreak button.wpforms-page-button {\r\n\t\tfont-weight: bold;text-align:center ;color:#ffffff ;background-color:#e1a140 ;border-width:0px ;border-style:solid ;\t\t\t}\r\n\r\n\tbody #wpforms-264 .wpforms-submit-container .wpforms-submit:hover, body #wpforms-264 .wpforms-field-pagebreak button.wpforms-page-button:hover {\r\n\tbackground-color:#ffffff;\tcolor:#000000;\t}\r\n\r\n\tbody #wpforms-264 .wpforms-submit-container,\r\n\tbody #wpforms-264 .wpforms-field-pagebreak .wpforms-pagebreak-left{\r\n\ttext-align:center;\t}\r\n\r\n\r\n\tbody #wpforms-264 .wpforms-form .wpforms-field input[type=text],\r\n\tbody #wpforms-264 .wpforms-form .wpforms-field input[type=email],\r\n\tbody #wpforms-264 .wpforms-form .wpforms-field input[type=tel],\r\n\tbody #wpforms-264 .wpforms-form .wpforms-field input[type=url],\r\n\tbody #wpforms-264 .wpforms-form .wpforms-field input[type=password],\r\n\tbody #wpforms-264 .wpforms-form .wpforms-field input[type=number]\r\n\t{\r\n\t\tfont-weight: bold;height:40px ;width:500px ;border-width:1px ;border-style:solid ;\t\tmax-width:100% ;\t}\r\n\r\n\tbody #wpforms-264 .wpforms-form .wpforms-field .wpforms-field-row\r\n\t{\r\n\t\twidth:500px; max-width:100%; \t}\r\n\r\n\tbody #wpforms-264 .wpforms-form .wpforms-field-layout.wpforms-field input[type=text],\r\n\tbody #wpforms-264 .wpforms-form .wpforms-field-layout.wpforms-field input[type=email],\r\n\tbody #wpforms-264 .wpforms-form .wpforms-field-layout.wpforms-field input[type=tel],\r\n\tbody #wpforms-264 .wpforms-form .wpforms-field-layout.wpforms-field input[type=url],\r\n\tbody #wpforms-264 .wpforms-form .wpforms-field-layout.wpforms-field input[type=password],\r\n\tbody #wpforms-264 .wpforms-form .wpforms-field-layout.wpforms-field input[type=number]{\r\n\t\twidth: 100%;\r\n\t}\r\n\r\n\tbody #wpforms-264 .wpforms-form .wpforms-field .wpforms-field-row input[type=text]{\r\n\t\twidth: 100%;\r\n\t}\r\n\r\n\r\n\r\n\t#wpforms-264 .wpforms-form .wpforms-field-layout-rows,\r\n\t#wpforms-264 .wpforms-form .wpforms-field-layout-columns{\r\n\t\t\t}\r\n\r\n\r\n\r\n\tbody #wpforms-264 .wpforms-form .wpforms-field textarea {\r\n\t\t\t\t\tborder-width: 1px;\t}\r\n\r\n \r\n\r\n\tbody #wpforms-264 .wpforms-form .wpforms-field select {\r\n\r\n\t\t\r\n\t\tborder-width: 1px;\t}\r\n\r\n\t\/* dropdown styles on modern background *\/\r\n\tbody #wpforms-264 .wpforms-form .wpforms-field-select-style-modern .choices__inner{\r\n\t\t\t\t\r\n\t}\r\n\r\n\t\/* background color on modern dropdown *\/\r\n\t\r\n \r\n\tbody #wpforms-264 .wpforms-form .wpforms-field-radio li label,\r\n\tbody #wpforms-264 .wpforms-form .wpforms-field-payment-multiple li label {\r\n\t\t\t}\r\n \r\n\tbody #wpforms-264 .wpforms-form .wpforms-field-checkbox li label {\r\n\t\t\t}\r\n \r\n\tbody #wpforms-264 .wpforms-form .wpforms-field .wpforms-field-description {\r\n\r\n\t\ttext-align:left ;\t}\r\n\r\n \r\n\tbody #wpforms-264 .wpforms-form .wpforms-field label.wpforms-field-label,\r\n\tbody #wpforms-264 .wpforms-form .wpforms-field .wpforms-field-label {\r\n\t\tfont-weight: bold;color:#000000 ;\t}\r\n\r\n\r\n \r\n\tbody #wpforms-confirmation-264  {\r\n\r\n\ttext-align:left ;\t\t\tborder-width: 1px;\t}\r\n\r\n\tbody #wpforms-confirmation-264 p{\r\n\t\ttext-transform: uppercase;\r\n\t\ttext-decoration: underline;\r\n\t\tcolor: inherit;\r\n\t}\r\n\r\n \r\n\tbody #wpforms-264 label.wpforms-error,\r\n\tbody #wpforms-264 .wpforms-error[role=\"alert\"] {\r\n\t\t\r\n\t\t\t\tborder-width: 1px;\t}\r\n\/* Styling for Tablets *\/\r\n@media only screen and (max-width: 800px) and (min-width:481px) {\r\n\t\r\n\r\n\r\n\r\n}\r\n\r\n@media only screen and (max-width: 480px){\r\n\t\r\n\r\n\r\n\r\n}\r\n\/*Option to add custom CSS *\/\r\n\r\n\r\n\r\n\t\t<\/style>\r\n\t\t<div class=\"wpforms-container wpforms-container-full wpforms-render-modern\" id=\"wpforms-264\"><form id=\"wpforms-form-264\" class=\"wpforms-validate wpforms-form wpforms-ajax-form\" data-formid=\"264\" method=\"post\" enctype=\"multipart\/form-data\" action=\"\/ru\/wp-json\/wp\/v2\/pages\/1025\" data-token=\"dca8c89e6d454bc1195f26c644914217\" data-trp-original-action=\"\/ru\/wp-json\/wp\/v2\/pages\/1025\"><noscript class=\"wpforms-error-noscript\">\u0414\u043b\u044f \u0437\u0430\u043f\u043e\u043b\u043d\u0435\u043d\u0438\u044f \u0434\u0430\u043d\u043d\u043e\u0439 \u0444\u043e\u0440\u043c\u044b \u0432\u043a\u043b\u044e\u0447\u0438\u0442\u0435 JavaScript \u0432 \u0431\u0440\u0430\u0443\u0437\u0435\u0440\u0435.<\/noscript><div class=\"wpforms-hidden\" id=\"wpforms-error-noscript\">\u0414\u043b\u044f \u0437\u0430\u043f\u043e\u043b\u043d\u0435\u043d\u0438\u044f \u0434\u0430\u043d\u043d\u043e\u0439 \u0444\u043e\u0440\u043c\u044b \u0432\u043a\u043b\u044e\u0447\u0438\u0442\u0435 JavaScript \u0432 \u0431\u0440\u0430\u0443\u0437\u0435\u0440\u0435.<\/div><div class=\"wpforms-field-container\"><div id=\"wpforms-264-field_3-container\" class=\"wpforms-field wpforms-field-text\" data-field-id=\"3\"><input type=\"text\" id=\"wpforms-264-field_3\" class=\"wpforms-field-medium\" name=\"wpforms[fields][3]\" placeholder=\"\u0418\u043c\u044f\" aria-errormessage=\"wpforms-264-field_3-error\" ><\/div><div id=\"wpforms-264-field_1-container\" class=\"wpforms-field wpforms-field-email\" data-field-id=\"1\"><input type=\"email\" id=\"wpforms-264-field_1\" class=\"wpforms-field-medium wpforms-field-required\" name=\"wpforms[fields][1]\" placeholder=\"\u042d\u043b\u0435\u043a\u0442\u0440\u043e\u043d\u043d\u0430\u044f \u043f\u043e\u0447\u0442\u0430\" spellcheck=\"false\" aria-errormessage=\"wpforms-264-field_1-error\" required><\/div><div id=\"wpforms-264-field_2-container\" class=\"wpforms-field wpforms-field-phone\" data-field-id=\"2\"><input type=\"tel\" id=\"wpforms-264-field_2\" class=\"wpforms-field-medium wpforms-smart-phone-field\" data-rule-smart-phone-field=\"true\" name=\"wpforms[fields][2]\" placeholder=\"\u0422\u0435\u043b. \u041d\u0435\u0442.\" aria-errormessage=\"wpforms-264-field_2-error\" ><\/div><div id=\"wpforms-264-field_4-container\" class=\"wpforms-field wpforms-field-text\" data-field-id=\"4\"><input type=\"text\" id=\"wpforms-264-field_4\" class=\"wpforms-field-medium\" name=\"wpforms[fields][4]\" placeholder=\"\u0414\u043e\u043f\u043e\u043b\u043d\u0438\u0442\u0435\u043b\u044c\u043d\u0430\u044f \u0438\u043d\u0444\u043e\u0440\u043c\u0430\u0446\u0438\u044f\" aria-errormessage=\"wpforms-264-field_4-error\" ><\/div><\/div><!-- .wpforms-field-container --><div class=\"wpforms-submit-container\" ><input type=\"hidden\" name=\"wpforms[id]\" value=\"264\"><input type=\"hidden\" name=\"wpforms[author]\" value=\"1\"><button type=\"submit\" name=\"wpforms[submit]\" id=\"wpforms-submit-264\" class=\"wpforms-submit\" data-alt-text=\"Siun\u010diama...\" data-submit-text=\"Pateikti u\u017eklausa\" aria-live=\"assertive\" value=\"wpforms-submit\">\u041e\u0442\u043f\u0440\u0430\u0432\u0438\u0442\u044c \u0437\u0430\u043f\u0440\u043e\u0441<\/button><img decoding=\"async\" src=\"https:\/\/gieger.eu\/wp-content\/plugins\/wpforms\/assets\/images\/submit-spin.svg\" class=\"wpforms-submit-spinner\" style=\"display: none;\" width=\"26\" height=\"26\" alt=\"\u0417\u0430\u0433\u0440\u0443\u0437\u043a\u0430\"><\/div><input type=\"hidden\" name=\"trp-form-language\" value=\"ru\"\/><\/form><\/div>  <!-- .wpforms-container -->\t\t\t\t<\/div>\n\t\t\t\t<\/div>\n\t\t\t\t\t<\/div>\n\t\t\t\t<\/div>\n\t\t<div class=\"elementor-element elementor-element-c27f0c8 e-flex e-con-boxed e-con e-parent\" data-id=\"c27f0c8\" data-element_type=\"container\">\n\t\t\t\t\t<div class=\"e-con-inner\">\n\t\t\t\t<div class=\"elementor-element elementor-element-9487282 elementor-hidden-desktop elementor-hidden-tablet elementor-widget-divider--view-line elementor-widget elementor-widget-divider\" data-id=\"9487282\" data-element_type=\"widget\" data-widget_type=\"divider.default\">\n\t\t\t\t\t\t\t<div class=\"elementor-divider\">\n\t\t\t<span class=\"elementor-divider-separator\">\n\t\t\t\t\t\t<\/span>\n\t\t<\/div>\n\t\t\t\t\t\t<\/div>\n\t\t\t\t\t<\/div>\n\t\t\t\t<\/div>\n\t\t\t\t<\/div>","protected":false},"excerpt":{"rendered":"<p>Pali\u016bni\u0161kio g. 13, Panev\u0117\u017eysTel.: +370 663 35 264El. pa\u0161tas.: pardavimai@gieger.eu DARBO LAIKAS\u00a0I-V: 8.00 &#8211; 19.00VI ir VII: nedirbame Please enable JavaScript in your browser to complete this form.Please enable JavaScript in your browser to complete this form. Pateikti u\u017eklausa<\/p>","protected":false},"author":1,"featured_media":0,"parent":0,"menu_order":0,"comment_status":"closed","ping_status":"closed","template":"elementor_header_footer","meta":{"footnotes":""},"class_list":["post-1025","page","type-page","status-publish","hentry"],"_links":{"self":[{"href":"https:\/\/gieger.eu\/ru\/wp-json\/wp\/v2\/pages\/1025","targetHints":{"allow":["GET"]}}],"collection":[{"href":"https:\/\/gieger.eu\/ru\/wp-json\/wp\/v2\/pages"}],"about":[{"href":"https:\/\/gieger.eu\/ru\/wp-json\/wp\/v2\/types\/page"}],"author":[{"embeddable":true,"href":"https:\/\/gieger.eu\/ru\/wp-json\/wp\/v2\/users\/1"}],"replies":[{"embeddable":true,"href":"https:\/\/gieger.eu\/ru\/wp-json\/wp\/v2\/comments?post=1025"}],"version-history":[{"count":25,"href":"https:\/\/gieger.eu\/ru\/wp-json\/wp\/v2\/pages\/1025\/revisions"}],"predecessor-version":[{"id":1533,"href":"https:\/\/gieger.eu\/ru\/wp-json\/wp\/v2\/pages\/1025\/revisions\/1533"}],"wp:attachment":[{"href":"https:\/\/gieger.eu\/ru\/wp-json\/wp\/v2\/media?parent=1025"}],"curies":[{"name":"wp","href":"https:\/\/api.w.org\/{rel}","templated":true}]}}